{"id":3934,"date":"2025-10-09T03:55:19","date_gmt":"2025-10-09T03:55:19","guid":{"rendered":"https:\/\/greenplay.social\/?page_id=3934"},"modified":"2025-11-13T16:45:50","modified_gmt":"2025-11-13T16:45:50","slug":"page-test-module-web","status":"publish","type":"page","link":"https:\/\/greenplay.social\/fr\/page-test-module-web\/","title":{"rendered":"Page test Allons Covoiturage"},"content":{"rendered":"\t\t<div data-elementor-type=\"wp-page\" data-elementor-id=\"3934\" class=\"elementor elementor-3934\" data-elementor-post-type=\"page\">\n\t\t\t\t\t\t<section class=\"elementor-section elementor-top-section elementor-element elementor-element-cbfeb51 elementor-section-boxed elementor-section-height-default elementor-section-height-default\" data-id=\"cbfeb51\" data-element_type=\"section\" data-e-type=\"section\">\n\t\t\t\t\t\t<div class=\"elementor-container elementor-column-gap-default\">\n\t\t\t\t\t<div class=\"elementor-column elementor-col-100 elementor-top-column elementor-element elementor-element-511d764\" data-id=\"511d764\" data-element_type=\"column\" data-e-type=\"column\">\n\t\t\t<div class=\"elementor-widget-wrap elementor-element-populated\">\n\t\t\t\t\t\t<div class=\"elementor-element elementor-element-df041ce elementor-widget elementor-widget-text-editor\" data-id=\"df041ce\" data-element_type=\"widget\" data-e-type=\"widget\" data-widget_type=\"text-editor.default\">\n\t\t\t\t<div class=\"elementor-widget-container\">\n\t\t\t\t\t\t\t\t\t<p class=\"cvGsUA direction-ltr align-start para-style-body\"><span class=\"a_GcMg font-feature-liga-off font-feature-clig-off font-feature-calt-off text-decoration-none text-strikethrough-none\">Nous sommes heureux de vous proposer le service Allons Covoiturage!<\/span><\/p><p class=\"cvGsUA direction-ltr align-start para-style-body\"><span class=\"a_GcMg font-feature-liga-off font-feature-clig-off font-feature-calt-off text-decoration-none text-strikethrough-none\">Cette plateforme, con\u00e7ue pour le milieu du tourisme, vous permet de trouver facilement un compagnon de trajet gr\u00e2ce \u00e0 un syst\u00e8me de jumelage automatis\u00e9.<\/span><\/p><p class=\"cvGsUA direction-ltr align-start para-style-body\"><span class=\"a_GcMg font-feature-liga-off font-feature-clig-off font-feature-calt-off text-decoration-none text-strikethrough-none\">Vous recevrez un courriel d\u00e8s qu\u2019un match est trouv\u00e9, avec tous les d\u00e9tails pour planifier votre covoiturage.<\/span><\/p><p class=\"cvGsUA direction-ltr align-start para-style-body\"><span class=\"a_GcMg font-feature-liga-off font-feature-clig-off font-feature-calt-off text-decoration-none text-strikethrough-none\">Que vous soyez conducteur ou passager, Allons Covoiturage rend vos d\u00e9placements plus faciles, plus \u00e9cologiques et plus agr\u00e9ables!<\/span><\/p>\t\t\t\t\t\t\t\t<\/div>\n\t\t\t\t<\/div>\n\t\t\t\t\t<\/div>\n\t\t<\/div>\n\t\t\t\t\t<\/div>\n\t\t<\/section>\n\t\t\t\t<section class=\"elementor-section elementor-top-section elementor-element elementor-element-6ffa505 elementor-section-boxed elementor-section-height-default elementor-section-height-default\" data-id=\"6ffa505\" data-element_type=\"section\" data-e-type=\"section\">\n\t\t\t\t\t\t<div class=\"elementor-container elementor-column-gap-default\">\n\t\t\t\t\t<div class=\"elementor-column elementor-col-100 elementor-top-column elementor-element elementor-element-f783fef\" data-id=\"f783fef\" data-element_type=\"column\" data-e-type=\"column\">\n\t\t\t<div class=\"elementor-widget-wrap elementor-element-populated\">\n\t\t\t\t\t\t<div class=\"elementor-element elementor-element-1338dde elementor-widget elementor-widget-html\" data-id=\"1338dde\" data-element_type=\"widget\" data-e-type=\"widget\" data-widget_type=\"html.default\">\n\t\t\t\t<div class=\"elementor-widget-container\">\n\t\t\t\t\t<iframe src=\"https:\/\/evenement.allons.ca\/carpool-event?eventId=xATmR7bhX64lWys5aplJ\" width=\"100%\" height=\"550\" frameborder=\"0\" style=\"border: none; border-radius: 8px;\" allow=\"geolocation\"><\/iframe>\t\t\t\t<\/div>\n\t\t\t\t<\/div>\n\t\t\t\t\t<\/div>\n\t\t<\/div>\n\t\t\t\t\t<\/div>\n\t\t<\/section>\n\t\t\t\t<\/div>\n\t\t","protected":false},"excerpt":{"rendered":"<p>Nous sommes heureux de vous proposer le service Allons Covoiturage! Cette plateforme, con\u00e7ue pour le milieu du tourisme, vous permet de trouver facilement un compagnon de trajet gr\u00e2ce \u00e0 un syst\u00e8me de jumelage automatis\u00e9. Vous recevrez un courriel d\u00e8s qu\u2019un match est trouv\u00e9, avec tous les d\u00e9tails pour planifier votre covoiturage. Que vous soyez conducteur [&hellip;]<\/p>\n","protected":false},"author":1,"featured_media":0,"parent":0,"menu_order":0,"comment_status":"closed","ping_status":"closed","template":"","meta":{"footnotes":""},"class_list":["post-3934","page","type-page","status-publish","hentry"],"_links":{"self":[{"href":"https:\/\/greenplay.social\/fr\/wp-json\/wp\/v2\/pages\/3934","targetHints":{"allow":["GET"]}}],"collection":[{"href":"https:\/\/greenplay.social\/fr\/wp-json\/wp\/v2\/pages"}],"about":[{"href":"https:\/\/greenplay.social\/fr\/wp-json\/wp\/v2\/types\/page"}],"author":[{"embeddable":true,"href":"https:\/\/greenplay.social\/fr\/wp-json\/wp\/v2\/users\/1"}],"replies":[{"embeddable":true,"href":"https:\/\/greenplay.social\/fr\/wp-json\/wp\/v2\/comments?post=3934"}],"version-history":[{"count":26,"href":"https:\/\/greenplay.social\/fr\/wp-json\/wp\/v2\/pages\/3934\/revisions"}],"predecessor-version":[{"id":4345,"href":"https:\/\/greenplay.social\/fr\/wp-json\/wp\/v2\/pages\/3934\/revisions\/4345"}],"wp:attachment":[{"href":"https:\/\/greenplay.social\/fr\/wp-json\/wp\/v2\/media?parent=3934"}],"curies":[{"name":"wp","href":"https:\/\/api.w.org\/{rel}","templated":true}]}}