{"id":3382,"date":"2024-02-12T16:30:37","date_gmt":"2024-02-12T16:30:37","guid":{"rendered":"https:\/\/greenplay.social\/?page_id=3382"},"modified":"2024-03-20T14:08:35","modified_gmt":"2024-03-20T14:08:35","slug":"shergo","status":"publish","type":"page","link":"https:\/\/greenplay.social\/fr\/shergo\/","title":{"rendered":"Shergo"},"content":{"rendered":"\t\t<div data-elementor-type=\"wp-page\" data-elementor-id=\"3382\" class=\"elementor elementor-3382\" data-elementor-post-type=\"page\">\n\t\t\t\t\t\t<section class=\"elementor-section elementor-top-section elementor-element elementor-element-3ecca533 elementor-section-boxed elementor-section-height-default elementor-section-height-default\" data-id=\"3ecca533\" data-element_type=\"section\" data-e-type=\"section\" data-settings=\"{&quot;background_background&quot;:&quot;classic&quot;}\">\n\t\t\t\t\t\t<div class=\"elementor-container elementor-column-gap-default\">\n\t\t\t\t\t<div class=\"elementor-column elementor-col-100 elementor-top-column elementor-element elementor-element-3da073e6\" data-id=\"3da073e6\" data-element_type=\"column\" data-e-type=\"column\">\n\t\t\t<div class=\"elementor-widget-wrap elementor-element-populated\">\n\t\t\t\t\t\t<div class=\"elementor-element elementor-element-257831a3 elementor-widget elementor-widget-heading\" data-id=\"257831a3\" data-element_type=\"widget\" data-e-type=\"widget\" data-widget_type=\"heading.default\">\n\t\t\t\t<div class=\"elementor-widget-container\">\n\t\t\t\t\t<h1 class=\"elementor-heading-title elementor-size-default\">Shergo<\/h1>\t\t\t\t<\/div>\n\t\t\t\t<\/div>\n\t\t\t\t\t<\/div>\n\t\t<\/div>\n\t\t\t\t\t<\/div>\n\t\t<\/section>\n\t\t\t\t<section class=\"elementor-section elementor-top-section elementor-element elementor-element-59f9412c elementor-section-boxed elementor-section-height-default elementor-section-height-default\" data-id=\"59f9412c\" data-element_type=\"section\" data-e-type=\"section\">\n\t\t\t\t\t\t<div class=\"elementor-container elementor-column-gap-default\">\n\t\t\t\t\t<div class=\"elementor-column elementor-col-100 elementor-top-column elementor-element elementor-element-60e1b623\" data-id=\"60e1b623\" data-element_type=\"column\" data-e-type=\"column\">\n\t\t\t<div class=\"elementor-widget-wrap elementor-element-populated\">\n\t\t\t\t\t\t<section class=\"elementor-section elementor-inner-section elementor-element elementor-element-6d4c1750 elementor-section-boxed elementor-section-height-default elementor-section-height-default\" data-id=\"6d4c1750\" data-element_type=\"section\" data-e-type=\"section\">\n\t\t\t\t\t\t<div class=\"elementor-container elementor-column-gap-default\">\n\t\t\t\t\t<div class=\"elementor-column elementor-col-50 elementor-inner-column elementor-element elementor-element-568dbb8f\" data-id=\"568dbb8f\" data-element_type=\"column\" data-e-type=\"column\">\n\t\t\t<div class=\"elementor-widget-wrap elementor-element-populated\">\n\t\t\t\t\t\t<div class=\"elementor-element elementor-element-54b7ff3f elementor-widget elementor-widget-text-editor\" data-id=\"54b7ff3f\" data-element_type=\"widget\" data-e-type=\"widget\" data-widget_type=\"text-editor.default\">\n\t\t\t\t<div class=\"elementor-widget-container\">\n\t\t\t\t\t\t\t\t\t<p>Shergo est le plus grand projet de ludification des d\u00e9placements au Canada et \u00e7a a lieu ici, \u00e0 Sherbrooke! <a href=\"https:\/\/www.sts.qc.ca\/\">La Soci\u00e9t\u00e9 de transport de Sherbrooke<\/a> a pris l&rsquo;initiative d&rsquo;encourager et accompagner ses citoyens dans leur processus de changement de comportements. Le lancement public est pr\u00e9vu pour Avril 2024.<\/p>\t\t\t\t\t\t\t\t<\/div>\n\t\t\t\t<\/div>\n\t\t\t\t\t<\/div>\n\t\t<\/div>\n\t\t\t\t<div class=\"elementor-column elementor-col-50 elementor-inner-column elementor-element elementor-element-3c356a25\" data-id=\"3c356a25\" data-element_type=\"column\" data-e-type=\"column\">\n\t\t\t<div class=\"elementor-widget-wrap elementor-element-populated\">\n\t\t\t\t\t\t<div class=\"elementor-element elementor-element-5e7555e8 elementor-widget elementor-widget-image\" data-id=\"5e7555e8\" data-element_type=\"widget\" data-e-type=\"widget\" data-widget_type=\"image.default\">\n\t\t\t\t<div class=\"elementor-widget-container\">\n\t\t\t\t\t\t\t\t\t\t\t\t\t\t\t<img fetchpriority=\"high\" decoding=\"async\" width=\"800\" height=\"283\" src=\"https:\/\/greenplay.social\/wp-content\/uploads\/2023\/03\/shergo-logo-coul.png\" class=\"attachment-large size-large wp-image-3176\" alt=\"\" srcset=\"https:\/\/greenplay.social\/wp-content\/uploads\/2023\/03\/shergo-logo-coul.png 928w, https:\/\/greenplay.social\/wp-content\/uploads\/2023\/03\/shergo-logo-coul-300x106.png 300w, https:\/\/greenplay.social\/wp-content\/uploads\/2023\/03\/shergo-logo-coul-768x271.png 768w, https:\/\/greenplay.social\/wp-content\/uploads\/2023\/03\/shergo-logo-coul-18x6.png 18w\" sizes=\"(max-width: 800px) 100vw, 800px\" \/>\t\t\t\t\t\t\t\t\t\t\t\t\t\t\t<\/div>\n\t\t\t\t<\/div>\n\t\t\t\t\t<\/div>\n\t\t<\/div>\n\t\t\t\t\t<\/div>\n\t\t<\/section>\n\t\t\t\t\t<\/div>\n\t\t<\/div>\n\t\t\t\t\t<\/div>\n\t\t<\/section>\n\t\t\t\t<section class=\"elementor-section elementor-top-section elementor-element elementor-element-2b913c34 elementor-section-boxed elementor-section-height-default elementor-section-height-default\" data-id=\"2b913c34\" data-element_type=\"section\" data-e-type=\"section\">\n\t\t\t\t\t\t<div class=\"elementor-container elementor-column-gap-default\">\n\t\t\t\t\t<div class=\"elementor-column elementor-col-100 elementor-top-column elementor-element elementor-element-2c9f2bdc\" data-id=\"2c9f2bdc\" data-element_type=\"column\" data-e-type=\"column\">\n\t\t\t<div class=\"elementor-widget-wrap elementor-element-populated\">\n\t\t\t\t\t\t<div class=\"elementor-element elementor-element-751dacd elementor-widget elementor-widget-text-editor\" data-id=\"751dacd\" data-element_type=\"widget\" data-e-type=\"widget\" data-widget_type=\"text-editor.default\">\n\t\t\t\t<div class=\"elementor-widget-container\">\n\t\t\t\t\t\t\t\t\t<p><a href=\"https:\/\/mobilitedurable.qc.ca\/actualites\/shergo-une-initiative-innovante-pour-recompenser-la-mobilite-durable\/\">Pour en savoir plus, cliquer ici\u00a0<\/a><\/p>\t\t\t\t\t\t\t\t<\/div>\n\t\t\t\t<\/div>\n\t\t\t\t\t<\/div>\n\t\t<\/div>\n\t\t\t\t\t<\/div>\n\t\t<\/section>\n\t\t\t\t<section class=\"elementor-section elementor-top-section elementor-element elementor-element-2ab2423 elementor-section-boxed elementor-section-height-default elementor-section-height-default\" data-id=\"2ab2423\" data-element_type=\"section\" data-e-type=\"section\">\n\t\t\t\t\t\t<div class=\"elementor-container elementor-column-gap-default\">\n\t\t\t\t\t<div class=\"elementor-column elementor-col-33 elementor-top-column elementor-element elementor-element-953da0a\" data-id=\"953da0a\" data-element_type=\"column\" data-e-type=\"column\">\n\t\t\t<div class=\"elementor-widget-wrap\">\n\t\t\t\t\t\t\t<\/div>\n\t\t<\/div>\n\t\t\t\t<div class=\"elementor-column elementor-col-33 elementor-top-column elementor-element elementor-element-8cb71ca\" data-id=\"8cb71ca\" data-element_type=\"column\" data-e-type=\"column\">\n\t\t\t<div class=\"elementor-widget-wrap\">\n\t\t\t\t\t\t\t<\/div>\n\t\t<\/div>\n\t\t\t\t<div class=\"elementor-column elementor-col-33 elementor-top-column elementor-element elementor-element-ab18fa4\" data-id=\"ab18fa4\" data-element_type=\"column\" data-e-type=\"column\">\n\t\t\t<div class=\"elementor-widget-wrap\">\n\t\t\t\t\t\t\t<\/div>\n\t\t<\/div>\n\t\t\t\t\t<\/div>\n\t\t<\/section>\n\t\t\t\t<\/div>\n\t\t","protected":false},"excerpt":{"rendered":"<p>Shergo Shergo est le plus grand projet de ludification des d\u00e9placements au Canada et \u00e7a a lieu ici, \u00e0 Sherbrooke! La Soci\u00e9t\u00e9 de transport de Sherbrooke a pris l&rsquo;initiative d&rsquo;encourager et accompagner ses citoyens dans leur processus de changement de comportements. Le lancement public est pr\u00e9vu pour Avril 2024. Pour en savoir plus, cliquer ici\u00a0<\/p>\n","protected":false},"author":1,"featured_media":0,"parent":0,"menu_order":0,"comment_status":"closed","ping_status":"closed","template":"","meta":{"footnotes":""},"class_list":["post-3382","page","type-page","status-publish","hentry"],"_links":{"self":[{"href":"https:\/\/greenplay.social\/fr\/wp-json\/wp\/v2\/pages\/3382","targetHints":{"allow":["GET"]}}],"collection":[{"href":"https:\/\/greenplay.social\/fr\/wp-json\/wp\/v2\/pages"}],"about":[{"href":"https:\/\/greenplay.social\/fr\/wp-json\/wp\/v2\/types\/page"}],"author":[{"embeddable":true,"href":"https:\/\/greenplay.social\/fr\/wp-json\/wp\/v2\/users\/1"}],"replies":[{"embeddable":true,"href":"https:\/\/greenplay.social\/fr\/wp-json\/wp\/v2\/comments?post=3382"}],"version-history":[{"count":19,"href":"https:\/\/greenplay.social\/fr\/wp-json\/wp\/v2\/pages\/3382\/revisions"}],"predecessor-version":[{"id":3446,"href":"https:\/\/greenplay.social\/fr\/wp-json\/wp\/v2\/pages\/3382\/revisions\/3446"}],"wp:attachment":[{"href":"https:\/\/greenplay.social\/fr\/wp-json\/wp\/v2\/media?parent=3382"}],"curies":[{"name":"wp","href":"https:\/\/api.w.org\/{rel}","templated":true}]}}