{"id":1222,"date":"2021-07-05T03:45:21","date_gmt":"2021-07-05T03:45:21","guid":{"rendered":"https:\/\/greenplay.social\/greenplaydev\/?page_id=1222"},"modified":"2024-02-12T16:18:59","modified_gmt":"2024-02-12T16:18:59","slug":"defi-sans-auto-solo","status":"publish","type":"page","link":"https:\/\/greenplay.social\/fr\/defi-sans-auto-solo\/","title":{"rendered":"D\u00e9fi sans auto solo"},"content":{"rendered":"\t\t<div data-elementor-type=\"wp-page\" data-elementor-id=\"1222\" class=\"elementor elementor-1222\" data-elementor-post-type=\"page\">\n\t\t\t\t\t\t<section class=\"elementor-section elementor-top-section elementor-element elementor-element-229a74f1 elementor-section-boxed elementor-section-height-default elementor-section-height-default\" data-id=\"229a74f1\" data-element_type=\"section\" data-e-type=\"section\" data-settings=\"{&quot;background_background&quot;:&quot;classic&quot;}\">\n\t\t\t\t\t\t<div class=\"elementor-container elementor-column-gap-default\">\n\t\t\t\t\t<div class=\"elementor-column elementor-col-100 elementor-top-column elementor-element elementor-element-722d5637\" data-id=\"722d5637\" data-element_type=\"column\" data-e-type=\"column\">\n\t\t\t<div class=\"elementor-widget-wrap elementor-element-populated\">\n\t\t\t\t\t\t<div class=\"elementor-element elementor-element-10ceee13 elementor-widget elementor-widget-heading\" data-id=\"10ceee13\" data-element_type=\"widget\" data-e-type=\"widget\" data-widget_type=\"heading.default\">\n\t\t\t\t<div class=\"elementor-widget-container\">\n\t\t\t\t\t<h1 class=\"elementor-heading-title elementor-size-default\">Le D\u00e9fi sans auto solo<\/h1>\t\t\t\t<\/div>\n\t\t\t\t<\/div>\n\t\t\t\t\t<\/div>\n\t\t<\/div>\n\t\t\t\t\t<\/div>\n\t\t<\/section>\n\t\t\t\t<section class=\"elementor-section elementor-top-section elementor-element elementor-element-f41555c elementor-section-boxed elementor-section-height-default elementor-section-height-default\" data-id=\"f41555c\" data-element_type=\"section\" data-e-type=\"section\">\n\t\t\t\t\t\t<div class=\"elementor-container elementor-column-gap-default\">\n\t\t\t\t\t<div class=\"elementor-column elementor-col-100 elementor-top-column elementor-element elementor-element-6932a9e\" data-id=\"6932a9e\" data-element_type=\"column\" data-e-type=\"column\">\n\t\t\t<div class=\"elementor-widget-wrap elementor-element-populated\">\n\t\t\t\t\t\t<section class=\"elementor-section elementor-inner-section elementor-element elementor-element-a967626 elementor-section-boxed elementor-section-height-default elementor-section-height-default\" data-id=\"a967626\" data-element_type=\"section\" data-e-type=\"section\">\n\t\t\t\t\t\t<div class=\"elementor-container elementor-column-gap-default\">\n\t\t\t\t\t<div class=\"elementor-column elementor-col-50 elementor-inner-column elementor-element elementor-element-1489d3e\" data-id=\"1489d3e\" data-element_type=\"column\" data-e-type=\"column\">\n\t\t\t<div class=\"elementor-widget-wrap elementor-element-populated\">\n\t\t\t\t\t\t<div class=\"elementor-element elementor-element-c3495d3 elementor-widget elementor-widget-text-editor\" data-id=\"c3495d3\" data-element_type=\"widget\" data-e-type=\"widget\" data-widget_type=\"text-editor.default\">\n\t\t\t\t<div class=\"elementor-widget-container\">\n\t\t\t\t\t\t\t\t\t<p>Depuis 2019, l&rsquo;application mobile Greenplay est utilis\u00e9e dans le cadre d&rsquo;un projet pilote pour le\u00a0<a href=\"http:\/\/www.defisansauto.com\">D\u00e9fi sans auto solo<\/a>,\u00a0<span class=\"TextRun SCXW97720225 BCX0\" lang=\"FR-FR\" xml:lang=\"FR-FR\" data-contrast=\"auto\"><span class=\"NormalTextRun SCXW97720225 BCX0\">et\u00a0ce<\/span><\/span><span class=\"TextRun SCXW97720225 BCX0\" lang=\"FR-FR\" xml:lang=\"FR-FR\" data-contrast=\"none\"><span class=\"NormalTextRun SCXW97720225 BCX0\">\u00a0partout au Qu\u00e9bec. Ce d\u00e9fi\u00a0<\/span><span class=\"NormalTextRun SCXW97720225 BCX0\">s\u2019effectue sur une p\u00e9riode d\u2019une semaine et\u00a0<\/span><span class=\"NormalTextRun SCXW97720225 BCX0\">s&rsquo;adresse \u00e0 toutes les organisations, entreprises ou \u00e9tablissements d&rsquo;enseignement<\/span><span class=\"NormalTextRun SCXW97720225 BCX0\">. Il a<\/span><span class=\"NormalTextRun SCXW97720225 BCX0\">\u00a0comme objectif d&rsquo;encourager le<\/span><span class=\"NormalTextRun SCXW97720225 BCX0\">s\u00a0<\/span><span class=\"NormalTextRun SCXW97720225 BCX0\">employ\u00e9s et \u00e9tudiants \u00e0 utiliser\u00a0<\/span><span class=\"NormalTextRun SCXW97720225 BCX0\">les transports durables<\/span><span class=\"NormalTextRun SCXW97720225 BCX0\">\u00a0de mani\u00e8re plus fr\u00e9quente<\/span><span class=\"NormalTextRun SCXW97720225 BCX0\">.<\/span><\/span><span class=\"EOP SCXW97720225 BCX0\" data-ccp-props=\"{\">\u00a0<\/span><\/p>\t\t\t\t\t\t\t\t<\/div>\n\t\t\t\t<\/div>\n\t\t\t\t\t<\/div>\n\t\t<\/div>\n\t\t\t\t<div class=\"elementor-column elementor-col-50 elementor-inner-column elementor-element elementor-element-498fef1\" data-id=\"498fef1\" data-element_type=\"column\" data-e-type=\"column\">\n\t\t\t<div class=\"elementor-widget-wrap elementor-element-populated\">\n\t\t\t\t\t\t<div class=\"elementor-element elementor-element-c3e16e2 elementor-widget elementor-widget-image\" data-id=\"c3e16e2\" data-element_type=\"widget\" data-e-type=\"widget\" data-widget_type=\"image.default\">\n\t\t\t\t<div class=\"elementor-widget-container\">\n\t\t\t\t\t\t\t\t\t\t\t\t\t\t\t<img fetchpriority=\"high\" decoding=\"async\" width=\"432\" height=\"186\" src=\"https:\/\/greenplay.social\/wp-content\/uploads\/2021\/07\/logo_solo_vert_fond-transparent.png\" class=\"attachment-large size-large wp-image-1228\" alt=\"\" srcset=\"https:\/\/greenplay.social\/wp-content\/uploads\/2021\/07\/logo_solo_vert_fond-transparent.png 432w, https:\/\/greenplay.social\/wp-content\/uploads\/2021\/07\/logo_solo_vert_fond-transparent-300x129.png 300w, https:\/\/greenplay.social\/wp-content\/uploads\/2021\/07\/logo_solo_vert_fond-transparent-16x7.png 16w\" sizes=\"(max-width: 432px) 100vw, 432px\" \/>\t\t\t\t\t\t\t\t\t\t\t\t\t\t\t<\/div>\n\t\t\t\t<\/div>\n\t\t\t\t\t<\/div>\n\t\t<\/div>\n\t\t\t\t\t<\/div>\n\t\t<\/section>\n\t\t\t\t\t<\/div>\n\t\t<\/div>\n\t\t\t\t\t<\/div>\n\t\t<\/section>\n\t\t\t\t<section class=\"elementor-section elementor-top-section elementor-element elementor-element-bc17b1e elementor-section-boxed elementor-section-height-default elementor-section-height-default\" data-id=\"bc17b1e\" data-element_type=\"section\" data-e-type=\"section\">\n\t\t\t\t\t\t<div class=\"elementor-container elementor-column-gap-default\">\n\t\t\t\t\t<div class=\"elementor-column elementor-col-100 elementor-top-column elementor-element elementor-element-8610dfd\" data-id=\"8610dfd\" data-element_type=\"column\" data-e-type=\"column\">\n\t\t\t<div class=\"elementor-widget-wrap elementor-element-populated\">\n\t\t\t\t\t\t<div class=\"elementor-element elementor-element-387d622 elementor-widget elementor-widget-text-editor\" data-id=\"387d622\" data-element_type=\"widget\" data-e-type=\"widget\" data-widget_type=\"text-editor.default\">\n\t\t\t\t<div class=\"elementor-widget-container\">\n\t\t\t\t\t\t\t\t\t<p>Laissez les r\u00e9sultats ci-dessous vous convaincre des effets de la mobilisation des individus dans un contexte de mobilit\u00e9 urbaine durable.<\/p>\t\t\t\t\t\t\t\t<\/div>\n\t\t\t\t<\/div>\n\t\t\t\t<div class=\"elementor-element elementor-element-f86a7b2 elementor-widget elementor-widget-accordion\" data-id=\"f86a7b2\" data-element_type=\"widget\" data-e-type=\"widget\" data-widget_type=\"accordion.default\">\n\t\t\t\t<div class=\"elementor-widget-container\">\n\t\t\t\t\t\t\t<div class=\"elementor-accordion\">\n\t\t\t\t\t\t\t<div class=\"elementor-accordion-item\">\n\t\t\t\t\t<div id=\"elementor-tab-title-2601\" class=\"elementor-tab-title\" data-tab=\"1\" role=\"button\" aria-controls=\"elementor-tab-content-2601\" aria-expanded=\"false\">\n\t\t\t\t\t\t\t\t\t\t\t\t\t<span class=\"elementor-accordion-icon elementor-accordion-icon-left\" aria-hidden=\"true\">\n\t\t\t\t\t\t\t\t\t\t\t\t\t\t\t<span class=\"elementor-accordion-icon-closed\"><i class=\"fas fa-plus\"><\/i><\/span>\n\t\t\t\t\t\t\t\t<span class=\"elementor-accordion-icon-opened\"><i class=\"fas fa-minus\"><\/i><\/span>\n\t\t\t\t\t\t\t\t\t\t\t\t\t\t<\/span>\n\t\t\t\t\t\t\t\t\t\t\t\t<a class=\"elementor-accordion-title\" tabindex=\"0\">D\u00e9fi sans auto solo 2019<\/a>\n\t\t\t\t\t<\/div>\n\t\t\t\t\t<div id=\"elementor-tab-content-2601\" class=\"elementor-tab-content elementor-clearfix\" data-tab=\"1\" role=\"region\" aria-labelledby=\"elementor-tab-title-2601\"><h3>5,800 +\u200b citoyens mobilis\u00e9s\u200b<\/h3><h3>179 organisations participantes<\/h3><h3>335,199 Km \u200bdurable effectu\u00e9s\u200b<\/h3><h3>55,985 Kg\u200b GES \u00e9pargn\u00e9s<\/h3><\/div>\n\t\t\t\t<\/div>\n\t\t\t\t\t\t\t<div class=\"elementor-accordion-item\">\n\t\t\t\t\t<div id=\"elementor-tab-title-2602\" class=\"elementor-tab-title\" data-tab=\"2\" role=\"button\" aria-controls=\"elementor-tab-content-2602\" aria-expanded=\"false\">\n\t\t\t\t\t\t\t\t\t\t\t\t\t<span class=\"elementor-accordion-icon elementor-accordion-icon-left\" aria-hidden=\"true\">\n\t\t\t\t\t\t\t\t\t\t\t\t\t\t\t<span class=\"elementor-accordion-icon-closed\"><i class=\"fas fa-plus\"><\/i><\/span>\n\t\t\t\t\t\t\t\t<span class=\"elementor-accordion-icon-opened\"><i class=\"fas fa-minus\"><\/i><\/span>\n\t\t\t\t\t\t\t\t\t\t\t\t\t\t<\/span>\n\t\t\t\t\t\t\t\t\t\t\t\t<a class=\"elementor-accordion-title\" tabindex=\"0\">D\u00e9fi sans auto solo 2020<\/a>\n\t\t\t\t\t<\/div>\n\t\t\t\t\t<div id=\"elementor-tab-content-2602\" class=\"elementor-tab-content elementor-clearfix\" data-tab=\"2\" role=\"region\" aria-labelledby=\"elementor-tab-title-2602\"><h3>950 + citoyens mobilis\u00e9s<\/h3><h3>91 organisations participantes<\/h3><h3>61 406 Km durable effectu\u00e9s<\/h3><h3>10 683 Kg GES \u00e9pargn\u00e9s<\/h3><\/div>\n\t\t\t\t<\/div>\n\t\t\t\t\t\t\t<div class=\"elementor-accordion-item\">\n\t\t\t\t\t<div id=\"elementor-tab-title-2603\" class=\"elementor-tab-title\" data-tab=\"3\" role=\"button\" aria-controls=\"elementor-tab-content-2603\" aria-expanded=\"false\">\n\t\t\t\t\t\t\t\t\t\t\t\t\t<span class=\"elementor-accordion-icon elementor-accordion-icon-left\" aria-hidden=\"true\">\n\t\t\t\t\t\t\t\t\t\t\t\t\t\t\t<span class=\"elementor-accordion-icon-closed\"><i class=\"fas fa-plus\"><\/i><\/span>\n\t\t\t\t\t\t\t\t<span class=\"elementor-accordion-icon-opened\"><i class=\"fas fa-minus\"><\/i><\/span>\n\t\t\t\t\t\t\t\t\t\t\t\t\t\t<\/span>\n\t\t\t\t\t\t\t\t\t\t\t\t<a class=\"elementor-accordion-title\" tabindex=\"0\">D\u00e9fi sans auto solo 2021<\/a>\n\t\t\t\t\t<\/div>\n\t\t\t\t\t<div id=\"elementor-tab-content-2603\" class=\"elementor-tab-content elementor-clearfix\" data-tab=\"3\" role=\"region\" aria-labelledby=\"elementor-tab-title-2603\"><h3>2 350 + citoyens mobilis\u00e9s<\/h3><h3>135 organisations participantes<\/h3><h3>187 880 Km durable effectu\u00e9s<\/h3><h3>33 060 Kg GES \u00e9pargn\u00e9s<\/h3><\/div>\n\t\t\t\t<\/div>\n\t\t\t\t\t\t\t<div class=\"elementor-accordion-item\">\n\t\t\t\t\t<div id=\"elementor-tab-title-2604\" class=\"elementor-tab-title\" data-tab=\"4\" role=\"button\" aria-controls=\"elementor-tab-content-2604\" aria-expanded=\"false\">\n\t\t\t\t\t\t\t\t\t\t\t\t\t<span class=\"elementor-accordion-icon elementor-accordion-icon-left\" aria-hidden=\"true\">\n\t\t\t\t\t\t\t\t\t\t\t\t\t\t\t<span class=\"elementor-accordion-icon-closed\"><i class=\"fas fa-plus\"><\/i><\/span>\n\t\t\t\t\t\t\t\t<span class=\"elementor-accordion-icon-opened\"><i class=\"fas fa-minus\"><\/i><\/span>\n\t\t\t\t\t\t\t\t\t\t\t\t\t\t<\/span>\n\t\t\t\t\t\t\t\t\t\t\t\t<a class=\"elementor-accordion-title\" tabindex=\"0\">D\u00e9fi sans auto solo 2022<\/a>\n\t\t\t\t\t<\/div>\n\t\t\t\t\t<div id=\"elementor-tab-content-2604\" class=\"elementor-tab-content elementor-clearfix\" data-tab=\"4\" role=\"region\" aria-labelledby=\"elementor-tab-title-2604\"><h3>3500 + citoyens mobilis\u00e9s<\/h3><h3>205 organisations participantes<\/h3><h3>207 266 Km durable effectu\u00e9s<\/h3><h3>65 776 Kg GES \u00e9pargn\u00e9s<\/h3><\/div>\n\t\t\t\t<\/div>\n\t\t\t\t\t\t\t<div class=\"elementor-accordion-item\">\n\t\t\t\t\t<div id=\"elementor-tab-title-2605\" class=\"elementor-tab-title\" data-tab=\"5\" role=\"button\" aria-controls=\"elementor-tab-content-2605\" aria-expanded=\"false\">\n\t\t\t\t\t\t\t\t\t\t\t\t\t<span class=\"elementor-accordion-icon elementor-accordion-icon-left\" aria-hidden=\"true\">\n\t\t\t\t\t\t\t\t\t\t\t\t\t\t\t<span class=\"elementor-accordion-icon-closed\"><i class=\"fas fa-plus\"><\/i><\/span>\n\t\t\t\t\t\t\t\t<span class=\"elementor-accordion-icon-opened\"><i class=\"fas fa-minus\"><\/i><\/span>\n\t\t\t\t\t\t\t\t\t\t\t\t\t\t<\/span>\n\t\t\t\t\t\t\t\t\t\t\t\t<a class=\"elementor-accordion-title\" tabindex=\"0\">D\u00e9fi sans auto solo 2023<\/a>\n\t\t\t\t\t<\/div>\n\t\t\t\t\t<div id=\"elementor-tab-content-2605\" class=\"elementor-tab-content elementor-clearfix\" data-tab=\"5\" role=\"region\" aria-labelledby=\"elementor-tab-title-2605\"><h3>3260 + citoyens mobilis\u00e9s<\/h3><h3>187 organisations participantes<\/h3><h3>245 519 Km durable effectu\u00e9s<\/h3><h3>38 810 Kg GES \u00e9pargn\u00e9s<\/h3><\/div>\n\t\t\t\t<\/div>\n\t\t\t\t\t\t\t\t<\/div>\n\t\t\t\t\t\t<\/div>\n\t\t\t\t<\/div>\n\t\t\t\t\t<\/div>\n\t\t<\/div>\n\t\t\t\t\t<\/div>\n\t\t<\/section>\n\t\t\t\t<\/div>\n\t\t","protected":false},"excerpt":{"rendered":"<p>Le D\u00e9fi sans auto solo Depuis 2019, l&rsquo;application mobile Greenplay est utilis\u00e9e dans le cadre d&rsquo;un projet pilote pour le\u00a0D\u00e9fi sans auto solo,\u00a0et\u00a0ce\u00a0partout au Qu\u00e9bec. Ce d\u00e9fi\u00a0s\u2019effectue sur une p\u00e9riode d\u2019une semaine et\u00a0s&rsquo;adresse \u00e0 toutes les organisations, entreprises ou \u00e9tablissements d&rsquo;enseignement. Il a\u00a0comme objectif d&rsquo;encourager les\u00a0employ\u00e9s et \u00e9tudiants \u00e0 utiliser\u00a0les transports durables\u00a0de mani\u00e8re plus fr\u00e9quente.\u00a0 [&hellip;]<\/p>\n","protected":false},"author":1,"featured_media":0,"parent":0,"menu_order":0,"comment_status":"closed","ping_status":"closed","template":"","meta":{"footnotes":""},"class_list":["post-1222","page","type-page","status-publish","hentry"],"_links":{"self":[{"href":"https:\/\/greenplay.social\/fr\/wp-json\/wp\/v2\/pages\/1222","targetHints":{"allow":["GET"]}}],"collection":[{"href":"https:\/\/greenplay.social\/fr\/wp-json\/wp\/v2\/pages"}],"about":[{"href":"https:\/\/greenplay.social\/fr\/wp-json\/wp\/v2\/types\/page"}],"author":[{"embeddable":true,"href":"https:\/\/greenplay.social\/fr\/wp-json\/wp\/v2\/users\/1"}],"replies":[{"embeddable":true,"href":"https:\/\/greenplay.social\/fr\/wp-json\/wp\/v2\/comments?post=1222"}],"version-history":[{"count":64,"href":"https:\/\/greenplay.social\/fr\/wp-json\/wp\/v2\/pages\/1222\/revisions"}],"predecessor-version":[{"id":3375,"href":"https:\/\/greenplay.social\/fr\/wp-json\/wp\/v2\/pages\/1222\/revisions\/3375"}],"wp:attachment":[{"href":"https:\/\/greenplay.social\/fr\/wp-json\/wp\/v2\/media?parent=1222"}],"curies":[{"name":"wp","href":"https:\/\/api.w.org\/{rel}","templated":true}]}}